{"id":61,"date":"2019-03-19T21:07:50","date_gmt":"2019-03-19T20:07:50","guid":{"rendered":"http:\/\/t\u00f6r\u00f6kcsabafotogr\u00e1fia.hu\/?page_id=61"},"modified":"2020-12-31T18:07:02","modified_gmt":"2020-12-31T17:07:02","slug":"termeszet-2","status":"publish","type":"page","link":"http:\/\/t\u00f6r\u00f6kcsabafotogr\u00e1fia.hu\/?page_id=61","title":{"rendered":"Term\u00e9szet fot\u00f3k"},"content":{"rendered":"<p>[et_pb_section fb_built=&#8221;1&#8243; _builder_version=&#8221;3.22.4&#8243; custom_margin=&#8221;-50px||&#8221;][et_pb_row _builder_version=&#8221;3.22.4&#8243;][et_pb_column type=&#8221;4_4&#8243; _builder_version=&#8221;3.22.4&#8243;][et_pb_text _builder_version=&#8221;3.22.4&#8243; text_font=&#8221;Roboto Condensed||||||||&#8221; text_text_color=&#8221;#ffffff&#8221; text_font_size=&#8221;20px&#8221; header_font=&#8221;Roboto Condensed|700|||||||&#8221; header_text_color=&#8221;#ffffff&#8221; header_font_size=&#8221;35px&#8221; header_font_size_phone=&#8221;24px&#8221; header_font_size_last_edited=&#8221;on|desktop&#8221; header_letter_spacing=&#8221;2px&#8221; header_line_height=&#8221;3em&#8221; header_line_height_phone=&#8221;3em&#8221; header_line_height_last_edited=&#8221;on|desktop&#8221; header_text_shadow_style=&#8221;preset2&#8243; header_2_font=&#8221;||||||||&#8221; background_color=&#8221;#f4f4f4&#8243; background_image=&#8221;http:\/\/t\u00f6r\u00f6kcsabafotogr\u00e1fia.hu\/wp-content\/uploads\/2019\/04\/IMGP7499.jpg&#8221; box_shadow_style=&#8221;preset1&#8243; min_height=&#8221;184px&#8221; height=&#8221;1000px&#8221; max_height=&#8221;145px&#8221; custom_margin=&#8221;0px||0px&#8221; custom_padding=&#8221;35px||1px|||&#8221; animation_style=&#8221;fade&#8221;]<\/p>\n<h1 style=\"text-align: center;\">TERM\u00c9SZETFOT\u00d3K<\/h1>\n<p>[\/et_pb_text][\/et_pb_column][\/et_pb_row][et_pb_row _builder_version=&#8221;3.22.4&#8243;][et_pb_column type=&#8221;4_4&#8243; _builder_version=&#8221;3.22.4&#8243;][et_pb_gallery gallery_ids=&#8221;357,342,343,351,344,345,346,348,349,350,352,353,354,355,356,358,359,360,361,362,363,364,365,366,367,368,369,370,371,372,373,374,375,376,377,671,670,669,668,667,666,664,663,662,661,660,659,658,657,656,655&#8243; posts_number=&#8221;48&#8243; orientation=&#8221;portrait&#8221; show_title_and_caption=&#8221;off&#8221; zoom_icon_color=&#8221;rgba(0,0,0,0)&#8221; hover_overlay_color=&#8221;rgba(255,255,255,0.46)&#8221; _builder_version=&#8221;3.22.4&#8243; animation_style=&#8221;fade&#8221; gallery_orderby=&#8221;rand&#8221;][\/et_pb_gallery][\/et_pb_column][\/et_pb_row][\/et_pb_section]<\/p>\n","protected":false},"excerpt":{"rendered":"<p>TERM\u00c9SZETFOT\u00d3K<\/p>\n","protected":false},"author":1,"featured_media":0,"parent":0,"menu_order":2,"comment_status":"closed","ping_status":"closed","template":"","meta":{"_et_pb_use_builder":"on","_et_pb_old_content":"","_et_gb_content_width":"","ngg_post_thumbnail":0,"footnotes":""},"aioseo_notices":[],"_links":{"self":[{"href":"http:\/\/t\u00f6r\u00f6kcsabafotogr\u00e1fia.hu\/index.php?rest_route=\/wp\/v2\/pages\/61"}],"collection":[{"href":"http:\/\/t\u00f6r\u00f6kcsabafotogr\u00e1fia.hu\/index.php?rest_route=\/wp\/v2\/pages"}],"about":[{"href":"http:\/\/t\u00f6r\u00f6kcsabafotogr\u00e1fia.hu\/index.php?rest_route=\/wp\/v2\/types\/page"}],"author":[{"embeddable":true,"href":"http:\/\/t\u00f6r\u00f6kcsabafotogr\u00e1fia.hu\/index.php?rest_route=\/wp\/v2\/users\/1"}],"replies":[{"embeddable":true,"href":"http:\/\/t\u00f6r\u00f6kcsabafotogr\u00e1fia.hu\/index.php?rest_route=%2Fwp%2Fv2%2Fcomments&post=61"}],"version-history":[{"count":26,"href":"http:\/\/t\u00f6r\u00f6kcsabafotogr\u00e1fia.hu\/index.php?rest_route=\/wp\/v2\/pages\/61\/revisions"}],"predecessor-version":[{"id":673,"href":"http:\/\/t\u00f6r\u00f6kcsabafotogr\u00e1fia.hu\/index.php?rest_route=\/wp\/v2\/pages\/61\/revisions\/673"}],"wp:attachment":[{"href":"http:\/\/t\u00f6r\u00f6kcsabafotogr\u00e1fia.hu\/index.php?rest_route=%2Fwp%2Fv2%2Fmedia&parent=61"}],"curies":[{"name":"wp","href":"https:\/\/api.w.org\/{rel}","templated":true}]}}