{"id":64,"date":"2019-03-19T21:07:50","date_gmt":"2019-03-19T20:07:50","guid":{"rendered":"http:\/\/t\u00f6r\u00f6kcsabafotogr\u00e1fia.hu\/?page_id=64"},"modified":"2021-01-04T19:34:50","modified_gmt":"2021-01-04T18:34:50","slug":"eljegyzes-eskuvo","status":"publish","type":"page","link":"http:\/\/t\u00f6r\u00f6kcsabafotogr\u00e1fia.hu\/?page_id=64","title":{"rendered":"Eljegyz\u00e9s, esk\u00fcv\u0151"},"content":{"rendered":"<p>[et_pb_section fb_built=&#8221;1&#8243; _builder_version=&#8221;3.22.4&#8243; custom_margin=&#8221;-50px||&#8221;][et_pb_row _builder_version=&#8221;3.22.4&#8243;][et_pb_column type=&#8221;4_4&#8243; _builder_version=&#8221;3.22.4&#8243;][et_pb_text _builder_version=&#8221;3.22.4&#8243; text_font=&#8221;Roboto Condensed||||||||&#8221; header_font=&#8221;|700|||||||&#8221; header_text_color=&#8221;#ffffff&#8221; header_font_size=&#8221;26px&#8221; header_font_size_tablet=&#8221;31px&#8221; header_font_size_last_edited=&#8221;off|desktop&#8221; header_letter_spacing=&#8221;2px&#8221; header_letter_spacing_phone=&#8221;0px&#8221; header_letter_spacing_last_edited=&#8221;on|phone&#8221; header_line_height=&#8221;3em&#8221; header_line_height_phone=&#8221;3em&#8221; header_line_height_last_edited=&#8221;on|tablet&#8221; header_text_shadow_style=&#8221;preset2&#8243; header_2_font=&#8221;||||||||&#8221; header_3_font=&#8221;||||||||&#8221; header_4_font=&#8221;||||||||&#8221; background_color=&#8221;#f4f4f4&#8243; background_image=&#8221;http:\/\/t\u00f6r\u00f6kcsabafotogr\u00e1fia.hu\/wp-content\/uploads\/2019\/04\/banner2.jpg&#8221; box_shadow_style=&#8221;preset1&#8243; min_height=&#8221;201px&#8221; height=&#8221;1000px&#8221; max_height=&#8221;100px&#8221; custom_margin=&#8221;0px||0px&#8221; custom_padding=&#8221;35px||&#8221; animation_style=&#8221;fade&#8221;]<\/p>\n<h1 style=\"text-align: center;\">ELJEGYZ\u00c9SI \u00c9S ESK\u00dcV\u0150I FOT\u00d3K<\/h1>\n<p>[\/et_pb_text][\/et_pb_column][\/et_pb_row][et_pb_row _builder_version=&#8221;3.22.4&#8243;][et_pb_column type=&#8221;4_4&#8243; _builder_version=&#8221;3.22.4&#8243;][et_pb_gallery gallery_ids=&#8221;433,434,435,436,437,438,440,441,442,443,444,445,446,447,448,449,450,451,452,453,454,690,689,688,687,686,685,684,683,806,805,804,803,802,801&#8243; gallery_orderby=&#8221;rand&#8221; posts_number=&#8221;48&#8243; orientation=&#8221;portrait&#8221; show_title_and_caption=&#8221;off&#8221; zoom_icon_color=&#8221;rgba(0,0,0,0)&#8221; hover_overlay_color=&#8221;rgba(255,255,255,0.53)&#8221; _builder_version=&#8221;3.22.4&#8243; animation_style=&#8221;fade&#8221;][\/et_pb_gallery][\/et_pb_column][\/et_pb_row][\/et_pb_section]<\/p>\n","protected":false},"excerpt":{"rendered":"<p>ELJEGYZ\u00c9SI \u00c9S ESK\u00dcV\u0150I FOT\u00d3K<\/p>\n","protected":false},"author":1,"featured_media":0,"parent":0,"menu_order":6,"comment_status":"closed","ping_status":"closed","template":"","meta":{"_et_pb_use_builder":"on","_et_pb_old_content":"","_et_gb_content_width":"","ngg_post_thumbnail":0,"footnotes":""},"aioseo_notices":[],"_links":{"self":[{"href":"http:\/\/t\u00f6r\u00f6kcsabafotogr\u00e1fia.hu\/index.php?rest_route=\/wp\/v2\/pages\/64"}],"collection":[{"href":"http:\/\/t\u00f6r\u00f6kcsabafotogr\u00e1fia.hu\/index.php?rest_route=\/wp\/v2\/pages"}],"about":[{"href":"http:\/\/t\u00f6r\u00f6kcsabafotogr\u00e1fia.hu\/index.php?rest_route=\/wp\/v2\/types\/page"}],"author":[{"embeddable":true,"href":"http:\/\/t\u00f6r\u00f6kcsabafotogr\u00e1fia.hu\/index.php?rest_route=\/wp\/v2\/users\/1"}],"replies":[{"embeddable":true,"href":"http:\/\/t\u00f6r\u00f6kcsabafotogr\u00e1fia.hu\/index.php?rest_route=%2Fwp%2Fv2%2Fcomments&post=64"}],"version-history":[{"count":16,"href":"http:\/\/t\u00f6r\u00f6kcsabafotogr\u00e1fia.hu\/index.php?rest_route=\/wp\/v2\/pages\/64\/revisions"}],"predecessor-version":[{"id":813,"href":"http:\/\/t\u00f6r\u00f6kcsabafotogr\u00e1fia.hu\/index.php?rest_route=\/wp\/v2\/pages\/64\/revisions\/813"}],"wp:attachment":[{"href":"http:\/\/t\u00f6r\u00f6kcsabafotogr\u00e1fia.hu\/index.php?rest_route=%2Fwp%2Fv2%2Fmedia&parent=64"}],"curies":[{"name":"wp","href":"https:\/\/api.w.org\/{rel}","templated":true}]}}