{"id":65,"date":"2019-03-19T21:07:50","date_gmt":"2019-03-19T20:07:50","guid":{"rendered":"http:\/\/t\u00f6r\u00f6kcsabafotogr\u00e1fia.hu\/?page_id=65"},"modified":"2023-01-09T20:38:15","modified_gmt":"2023-01-09T19:38:15","slug":"akt","status":"publish","type":"page","link":"http:\/\/t\u00f6r\u00f6kcsabafotogr\u00e1fia.hu\/?page_id=65","title":{"rendered":"Akt"},"content":{"rendered":"<p>[et_pb_section fb_built=&#8221;1&#8243; _builder_version=&#8221;3.22.4&#8243; custom_margin=&#8221;-50px||&#8221;][et_pb_row _builder_version=&#8221;3.25&#8243;][et_pb_column type=&#8221;4_4&#8243; _builder_version=&#8221;3.25&#8243; custom_padding=&#8221;|||&#8221; custom_padding__hover=&#8221;|||&#8221;][et_pb_text _builder_version=&#8221;3.27.4&#8243; text_font=&#8221;Roboto Condensed||||||||&#8221; header_font=&#8221;Roboto Condensed|700|||||||&#8221; header_text_color=&#8221;#ffffff&#8221; header_font_size=&#8221;41px&#8221; header_letter_spacing=&#8221;1px&#8221; header_line_height=&#8221;3em&#8221; background_color=&#8221;#f4f4f4&#8243; background_image=&#8221;http:\/\/t\u00f6r\u00f6kcsabafotogr\u00e1fia.hu\/wp-content\/uploads\/2019\/04\/banner-4.jpg&#8221; min_height=&#8221;204px&#8221; height=&#8221;1000px&#8221; max_height=&#8221;100px&#8221; custom_margin=&#8221;0px||0px&#8221; custom_padding=&#8221;35px||&#8221; animation_style=&#8221;fade&#8221; header_font_size_tablet=&#8221;37px&#8221; header_font_size_phone=&#8221;25px&#8221; header_font_size_last_edited=&#8221;on|phone&#8221; header_text_shadow_style=&#8221;preset2&#8243; box_shadow_style=&#8221;preset1&#8243;]<\/p>\n<h1 style=\"text-align: center;\">AKTFOT\u00d3K<\/h1>\n<p>[\/et_pb_text][\/et_pb_column][\/et_pb_row][et_pb_row _builder_version=&#8221;3.25&#8243;][et_pb_column type=&#8221;4_4&#8243; _builder_version=&#8221;3.25&#8243; custom_padding=&#8221;|||&#8221; custom_padding__hover=&#8221;|||&#8221;][et_pb_gallery gallery_ids=&#8221;509,510,512,513,514,515,516,517,518,519,521,522,523,524,525,526,798,797,796,795,794,793,792,791,790,789,788,787,786,785,784,783,782,781,780,779,778,777,776,775,774,773,771,770,769,768,767,766,765,764,763,762,847,761,759,758,757,755,754,753,751,749,748,747,746,745,744,743,855,742,849,854,851,739,856,852,741,740,845,853,876,857,877,873,858,859,860,872,874,875&#8243; posts_number=&#8221;100&#8243; orientation=&#8221;portrait&#8221; show_title_and_caption=&#8221;off&#8221; zoom_icon_color=&#8221;rgba(0,0,0,0)&#8221; hover_overlay_color=&#8221;rgba(255,255,255,0.51)&#8221; _builder_version=&#8221;4.9.1&#8243; animation_style=&#8221;fade&#8221; hover_enabled=&#8221;0&#8243; gallery_orderby=&#8221;rand&#8221; sticky_enabled=&#8221;0&#8243;][\/et_pb_gallery][\/et_pb_column][\/et_pb_row][\/et_pb_section]<\/p>\n","protected":false},"excerpt":{"rendered":"<p>AKTFOT\u00d3K<\/p>\n","protected":false},"author":1,"featured_media":0,"parent":0,"menu_order":7,"comment_status":"closed","ping_status":"closed","template":"","meta":{"_et_pb_use_builder":"on","_et_pb_old_content":"","_et_gb_content_width":"","ngg_post_thumbnail":0,"footnotes":""},"aioseo_notices":[],"_links":{"self":[{"href":"http:\/\/t\u00f6r\u00f6kcsabafotogr\u00e1fia.hu\/index.php?rest_route=\/wp\/v2\/pages\/65"}],"collection":[{"href":"http:\/\/t\u00f6r\u00f6kcsabafotogr\u00e1fia.hu\/index.php?rest_route=\/wp\/v2\/pages"}],"about":[{"href":"http:\/\/t\u00f6r\u00f6kcsabafotogr\u00e1fia.hu\/index.php?rest_route=\/wp\/v2\/types\/page"}],"author":[{"embeddable":true,"href":"http:\/\/t\u00f6r\u00f6kcsabafotogr\u00e1fia.hu\/index.php?rest_route=\/wp\/v2\/users\/1"}],"replies":[{"embeddable":true,"href":"http:\/\/t\u00f6r\u00f6kcsabafotogr\u00e1fia.hu\/index.php?rest_route=%2Fwp%2Fv2%2Fcomments&post=65"}],"version-history":[{"count":19,"href":"http:\/\/t\u00f6r\u00f6kcsabafotogr\u00e1fia.hu\/index.php?rest_route=\/wp\/v2\/pages\/65\/revisions"}],"predecessor-version":[{"id":879,"href":"http:\/\/t\u00f6r\u00f6kcsabafotogr\u00e1fia.hu\/index.php?rest_route=\/wp\/v2\/pages\/65\/revisions\/879"}],"wp:attachment":[{"href":"http:\/\/t\u00f6r\u00f6kcsabafotogr\u00e1fia.hu\/index.php?rest_route=%2Fwp%2Fv2%2Fmedia&parent=65"}],"curies":[{"name":"wp","href":"https:\/\/api.w.org\/{rel}","templated":true}]}}