{"id":66,"date":"2019-03-19T21:07:50","date_gmt":"2019-03-19T20:07:50","guid":{"rendered":"http:\/\/t\u00f6r\u00f6kcsabafotogr\u00e1fia.hu\/?page_id=66"},"modified":"2023-01-08T20:09:02","modified_gmt":"2023-01-08T19:09:02","slug":"glamour","status":"publish","type":"page","link":"http:\/\/t\u00f6r\u00f6kcsabafotogr\u00e1fia.hu\/?page_id=66","title":{"rendered":"Glamour"},"content":{"rendered":"<p>[et_pb_section fb_built=&#8221;1&#8243; _builder_version=&#8221;3.22.4&#8243; custom_margin=&#8221;-50px||&#8221;][et_pb_row _builder_version=&#8221;3.25&#8243;][et_pb_column type=&#8221;4_4&#8243; _builder_version=&#8221;3.25&#8243; custom_padding=&#8221;|||&#8221; custom_padding__hover=&#8221;|||&#8221;][et_pb_text _builder_version=&#8221;3.27.4&#8243; text_font=&#8221;Roboto Condensed||||||||&#8221; header_font=&#8221;Roboto Condensed|700|||||||&#8221; header_text_color=&#8221;#ffffff&#8221; header_font_size=&#8221;40px&#8221; header_letter_spacing=&#8221;5px&#8221; header_line_height=&#8221;3em&#8221; background_color=&#8221;#f4f4f4&#8243; background_image=&#8221;http:\/\/t\u00f6r\u00f6kcsabafotogr\u00e1fia.hu\/wp-content\/uploads\/2019\/04\/banner-3.jpg&#8221; min_height=&#8221;189px&#8221; height=&#8221;1000px&#8221; max_height=&#8221;100px&#8221; custom_margin=&#8221;0px||0px&#8221; custom_padding=&#8221;35px||&#8221; animation_style=&#8221;fade&#8221; header_font_size_tablet=&#8221;&#8221; header_font_size_phone=&#8221;30px&#8221; header_font_size_last_edited=&#8221;on|phone&#8221; header_letter_spacing_tablet=&#8221;1px&#8221; header_letter_spacing_phone=&#8221;&#8221; header_letter_spacing_last_edited=&#8221;on|desktop&#8221; header_text_shadow_style=&#8221;preset2&#8243; box_shadow_style=&#8221;preset1&#8243;]<\/p>\n<h1 style=\"text-align: center;\">GLAMOUR FOT\u00d3K<\/h1>\n<p>[\/et_pb_text][\/et_pb_column][\/et_pb_row][et_pb_row _builder_version=&#8221;3.25&#8243;][et_pb_column type=&#8221;4_4&#8243; _builder_version=&#8221;3.25&#8243; custom_padding=&#8221;|||&#8221; custom_padding__hover=&#8221;|||&#8221;][et_pb_gallery gallery_ids=&#8221;490,492,493,494,496,497,498,499,500,501,502,503,504,735,734,733,732,731,730,729,728,727,726,725,724,723,722,720,719,718,717,716,715,714,713,711,710,709,708,707,835,862,863,864,865,866,867,868,869&#8243; gallery_orderby=&#8221;rand&#8221; posts_number=&#8221;48&#8243; orientation=&#8221;portrait&#8221; show_title_and_caption=&#8221;off&#8221; zoom_icon_color=&#8221;rgba(0,0,0,0)&#8221; hover_overlay_color=&#8221;rgba(255,255,255,0.53)&#8221; _builder_version=&#8221;4.9.1&#8243; animation_style=&#8221;fade&#8221; hover_enabled=&#8221;0&#8243; sticky_enabled=&#8221;0&#8243;][\/et_pb_gallery][\/et_pb_column][\/et_pb_row][\/et_pb_section]<\/p>\n","protected":false},"excerpt":{"rendered":"<p>GLAMOUR FOT\u00d3K<\/p>\n","protected":false},"author":1,"featured_media":0,"parent":0,"menu_order":6,"comment_status":"closed","ping_status":"closed","template":"","meta":{"_et_pb_use_builder":"on","_et_pb_old_content":"","_et_gb_content_width":"","ngg_post_thumbnail":0,"footnotes":""},"aioseo_notices":[],"_links":{"self":[{"href":"http:\/\/t\u00f6r\u00f6kcsabafotogr\u00e1fia.hu\/index.php?rest_route=\/wp\/v2\/pages\/66"}],"collection":[{"href":"http:\/\/t\u00f6r\u00f6kcsabafotogr\u00e1fia.hu\/index.php?rest_route=\/wp\/v2\/pages"}],"about":[{"href":"http:\/\/t\u00f6r\u00f6kcsabafotogr\u00e1fia.hu\/index.php?rest_route=\/wp\/v2\/types\/page"}],"author":[{"embeddable":true,"href":"http:\/\/t\u00f6r\u00f6kcsabafotogr\u00e1fia.hu\/index.php?rest_route=\/wp\/v2\/users\/1"}],"replies":[{"embeddable":true,"href":"http:\/\/t\u00f6r\u00f6kcsabafotogr\u00e1fia.hu\/index.php?rest_route=%2Fwp%2Fv2%2Fcomments&post=66"}],"version-history":[{"count":11,"href":"http:\/\/t\u00f6r\u00f6kcsabafotogr\u00e1fia.hu\/index.php?rest_route=\/wp\/v2\/pages\/66\/revisions"}],"predecessor-version":[{"id":871,"href":"http:\/\/t\u00f6r\u00f6kcsabafotogr\u00e1fia.hu\/index.php?rest_route=\/wp\/v2\/pages\/66\/revisions\/871"}],"wp:attachment":[{"href":"http:\/\/t\u00f6r\u00f6kcsabafotogr\u00e1fia.hu\/index.php?rest_route=%2Fwp%2Fv2%2Fmedia&parent=66"}],"curies":[{"name":"wp","href":"https:\/\/api.w.org\/{rel}","templated":true}]}}