{"id":820,"date":"2021-03-04T10:57:09","date_gmt":"2021-03-04T09:57:09","guid":{"rendered":"http:\/\/t\u00f6r\u00f6kcsabafotogr\u00e1fia.hu\/?page_id=820"},"modified":"2021-03-04T11:23:18","modified_gmt":"2021-03-04T10:23:18","slug":"nsfw","status":"publish","type":"page","link":"http:\/\/t\u00f6r\u00f6kcsabafotogr\u00e1fia.hu\/?page_id=820","title":{"rendered":"NSFW"},"content":{"rendered":"<p>[et_pb_section fb_built=&#8221;1&#8243; _builder_version=&#8221;4.9.1&#8243; _module_preset=&#8221;default&#8221; custom_margin=&#8221;-9px|||||&#8221; custom_padding=&#8221;22px||195px|||&#8221;][et_pb_row _builder_version=&#8221;4.9.1&#8243; _module_preset=&#8221;default&#8221; custom_padding=&#8221;5px|||||&#8221;][et_pb_column type=&#8221;4_4&#8243; _builder_version=&#8221;4.9.1&#8243; _module_preset=&#8221;default&#8221;][et_pb_image src=&#8221;http:\/\/t\u00f6r\u00f6kcsabafotogr\u00e1fia.hu\/wp-content\/uploads\/2021\/03\/18.png&#8221; title_text=&#8221;18&#8243; align=&#8221;center&#8221; _builder_version=&#8221;4.9.1&#8243; _module_preset=&#8221;default&#8221; custom_margin=&#8221;||-13px|||&#8221;][\/et_pb_image][\/et_pb_column][\/et_pb_row][et_pb_row _builder_version=&#8221;4.9.1&#8243; _module_preset=&#8221;default&#8221; custom_padding=&#8221;4px|||||&#8221;][et_pb_column type=&#8221;4_4&#8243; _builder_version=&#8221;4.9.1&#8243; _module_preset=&#8221;default&#8221;][et_pb_text _builder_version=&#8221;4.9.1&#8243; _module_preset=&#8221;default&#8221; text_font_size=&#8221;20px&#8221; background_color=&#8221;#ededed&#8221; text_orientation=&#8221;center&#8221; custom_margin=&#8221;||10px|||&#8221; custom_padding=&#8221;20px||23px|||&#8221; hover_enabled=&#8221;0&#8243; sticky_enabled=&#8221;0&#8243;]<\/p>\n<p>FIGYELEM!<\/p>\n<p>A megtekinteni k\u00edv\u00e1nt oldalon m\u0171v\u00e9szi form\u00e1ban meztelens\u00e9get \u00e1br\u00e1zol\u00f3 k\u00e9pek tal\u00e1lhat\u00f3ak.<\/p>\n<p><strong>Csak akkor menj tov\u00e1bb, ha elm\u00falt\u00e1l m\u00e1r 18 \u00e9ves.<\/strong><\/p>\n<p>[\/et_pb_text][\/et_pb_column][\/et_pb_row][et_pb_row column_structure=&#8221;1_2,1_2&#8243; _builder_version=&#8221;4.9.1&#8243; _module_preset=&#8221;default&#8221; custom_padding=&#8221;7px|||||&#8221;][et_pb_column type=&#8221;1_2&#8243; _builder_version=&#8221;4.9.1&#8243; _module_preset=&#8221;default&#8221;][et_pb_button button_url=&#8221;@ET-DC@eyJkeW5hbWljIjp0cnVlLCJjb250ZW50IjoicG9zdF9saW5rX3VybF9wYWdlIiwic2V0dGluZ3MiOnsicG9zdF9pZCI6IjY1In19@&#8221; button_text=&#8221;@ET-DC@eyJkeW5hbWljIjp0cnVlLCJjb250ZW50IjoicG9zdF9saW5rIiwic2V0dGluZ3MiOnsiYmVmb3JlIjoiIiwiYWZ0ZXIiOiIiLCJ0ZXh0IjoiY3VzdG9tIiwiY3VzdG9tX3RleHQiOiJFbG1cdTAwZmFsdGFtIDE4IFx1MDBlOXZlcyJ9fQ==@&#8221; button_alignment=&#8221;center&#8221; _builder_version=&#8221;4.9.1&#8243; _dynamic_attributes=&#8221;button_text,button_url&#8221; _module_preset=&#8221;default&#8221; custom_button=&#8221;on&#8221; button_text_color=&#8221;#FFFFFF&#8221; button_bg_color=&#8221;#189124&#8243; button_letter_spacing=&#8221;4px&#8221; button_use_icon=&#8221;off&#8221;][\/et_pb_button][\/et_pb_column][et_pb_column type=&#8221;1_2&#8243; _builder_version=&#8221;4.9.1&#8243; _module_preset=&#8221;default&#8221;][et_pb_button button_url=&#8221;@ET-DC@eyJkeW5hbWljIjp0cnVlLCJjb250ZW50IjoiaG9tZV91cmwiLCJzZXR0aW5ncyI6e319@&#8221; button_text=&#8221;@ET-DC@eyJkeW5hbWljIjp0cnVlLCJjb250ZW50IjoicG9zdF9saW5rIiwic2V0dGluZ3MiOnsiYmVmb3JlIjoiIiwiYWZ0ZXIiOiIiLCJ0ZXh0IjoiY3VzdG9tIiwiY3VzdG9tX3RleHQiOiJOZW0gbVx1MDBmYWx0YW0gMTggXHUwMGU5dmVzIn19@&#8221; button_alignment=&#8221;center&#8221; _builder_version=&#8221;4.9.1&#8243; _dynamic_attributes=&#8221;button_text,button_url&#8221; _module_preset=&#8221;default&#8221; custom_button=&#8221;on&#8221; button_text_color=&#8221;#FFFFFF&#8221; button_bg_color=&#8221;#E02B20&#8243; button_letter_spacing=&#8221;4px&#8221; button_use_icon=&#8221;off&#8221;][\/et_pb_button][\/et_pb_column][\/et_pb_row][\/et_pb_section]<\/p>\n","protected":false},"excerpt":{"rendered":"<p>FIGYELEM! A megtekinteni k\u00edv\u00e1nt oldalon m\u0171v\u00e9szi form\u00e1ban meztelens\u00e9get \u00e1br\u00e1zol\u00f3 k\u00e9pek tal\u00e1lhat\u00f3ak. Csak akkor menj tov\u00e1bb, ha elm\u00falt\u00e1l m\u00e1r 18 \u00e9ves.<\/p>\n","protected":false},"author":2,"featured_media":0,"parent":0,"menu_order":0,"comment_status":"closed","ping_status":"closed","template":"","meta":{"_et_pb_use_builder":"on","_et_pb_old_content":"","_et_gb_content_width":"","ngg_post_thumbnail":0,"footnotes":""},"aioseo_notices":[],"_links":{"self":[{"href":"http:\/\/t\u00f6r\u00f6kcsabafotogr\u00e1fia.hu\/index.php?rest_route=\/wp\/v2\/pages\/820"}],"collection":[{"href":"http:\/\/t\u00f6r\u00f6kcsabafotogr\u00e1fia.hu\/index.php?rest_route=\/wp\/v2\/pages"}],"about":[{"href":"http:\/\/t\u00f6r\u00f6kcsabafotogr\u00e1fia.hu\/index.php?rest_route=\/wp\/v2\/types\/page"}],"author":[{"embeddable":true,"href":"http:\/\/t\u00f6r\u00f6kcsabafotogr\u00e1fia.hu\/index.php?rest_route=\/wp\/v2\/users\/2"}],"replies":[{"embeddable":true,"href":"http:\/\/t\u00f6r\u00f6kcsabafotogr\u00e1fia.hu\/index.php?rest_route=%2Fwp%2Fv2%2Fcomments&post=820"}],"version-history":[{"count":6,"href":"http:\/\/t\u00f6r\u00f6kcsabafotogr\u00e1fia.hu\/index.php?rest_route=\/wp\/v2\/pages\/820\/revisions"}],"predecessor-version":[{"id":832,"href":"http:\/\/t\u00f6r\u00f6kcsabafotogr\u00e1fia.hu\/index.php?rest_route=\/wp\/v2\/pages\/820\/revisions\/832"}],"wp:attachment":[{"href":"http:\/\/t\u00f6r\u00f6kcsabafotogr\u00e1fia.hu\/index.php?rest_route=%2Fwp%2Fv2%2Fmedia&parent=820"}],"curies":[{"name":"wp","href":"https:\/\/api.w.org\/{rel}","templated":true}]}}